{"id":312,"date":"2021-05-05T20:39:38","date_gmt":"2021-05-05T20:39:38","guid":{"rendered":"https:\/\/comsigomaissaude.pt\/?page_id=312"},"modified":"2022-03-17T12:36:43","modified_gmt":"2022-03-17T12:36:43","slug":"coaching","status":"publish","type":"page","link":"https:\/\/vos.comsigomaissaude.pt\/?page_id=312","title":{"rendered":"Coaching"},"content":{"rendered":"\t\t<div data-elementor-type=\"wp-page\" data-elementor-id=\"312\" class=\"elementor elementor-312\">\n\t\t\t\t\t\t\t\t\t<section class=\"elementor-section elementor-top-section elementor-element elementor-element-ae6bc29 elementor-section-full_width elementor-section-stretched elementor-section-height-default elementor-section-height-default\" data-id=\"ae6bc29\" data-element_type=\"section\" data-settings=\"{&quot;background_background&quot;:&quot;classic&quot;,&quot;stretch_section&quot;:&quot;section-stretched&quot;}\">\n\t\t\t\t\t\t\t<div class=\"elementor-background-overlay\"><\/div>\n\t\t\t\t\t\t\t<div class=\"elementor-container elementor-column-gap-default\">\n\t\t\t\t\t<div class=\"elementor-column elementor-col-100 elementor-top-column elementor-element elementor-element-3a10658\" data-id=\"3a10658\" data-element_type=\"column\" data-settings=\"{&quot;background_background&quot;:&quot;classic&quot;}\">\n\t\t\t<div class=\"elementor-widget-wrap elementor-element-populated\">\n\t\t\t\t\t\t\t\t<div class=\"elementor-element elementor-element-59c373c elementor-widget elementor-widget-heading\" data-id=\"59c373c\" data-element_type=\"widget\" data-widget_type=\"heading.default\">\n\t\t\t\t<div class=\"elementor-widget-container\">\n\t\t\t<h2 class=\"elementor-heading-title elementor-size-default\">Servi\u00e7os de Sa\u00fade  ao Domicilio\n\n&nbsp;na Regi\u00e3o de Lisboa<br><\/h2>\t\t<\/div>\n\t\t\t\t<\/div>\n\t\t\t\t<section class=\"elementor-section elementor-inner-section elementor-element elementor-element-a6e6591 elementor-section-boxed elementor-section-height-default elementor-section-height-default\" data-id=\"a6e6591\" data-element_type=\"section\">\n\t\t\t\t\t\t<div class=\"elementor-container elementor-column-gap-default\">\n\t\t\t\t\t<div class=\"elementor-column elementor-col-100 elementor-inner-column elementor-element elementor-element-fa6abce\" data-id=\"fa6abce\" data-element_type=\"column\">\n\t\t\t<div class=\"elementor-widget-wrap elementor-element-populated\">\n\t\t\t\t\t\t\t\t<div class=\"elementor-element elementor-element-3517a48 elementor-widget elementor-widget-heading\" data-id=\"3517a48\" data-element_type=\"widget\" data-widget_type=\"heading.default\">\n\t\t\t\t<div class=\"elementor-widget-container\">\n\t\t\t<span class=\"elementor-heading-title elementor-size-default\"><br\n><br>Atrav\u00e9s do contato pr\u00e9vio, telef\u00f3nico ou presencial,<br>\ncom um Enfermeiro Coordenador, <br>\nser\u00e1 realizada uma triagem exaustiva das necessidades manifestadas pelos clientes.<br><br><\/span>\t\t<\/div>\n\t\t\t\t<\/div>\n\t\t\t\t\t<\/div>\n\t\t<\/div>\n\t\t\t\t\t\t\t<\/div>\n\t\t<\/section>\n\t\t\t\t<div class=\"elementor-element elementor-element-810fe2d elementor-align-center animated-slow elementor-invisible elementor-widget elementor-widget-button\" data-id=\"810fe2d\" data-element_type=\"widget\" data-settings=\"{&quot;_animation&quot;:&quot;slideInUp&quot;}\" data-widget_type=\"button.default\">\n\t\t\t\t<div class=\"elementor-widget-container\">\n\t\t\t\t\t<div class=\"elementor-button-wrapper\">\n\t\t\t<a href=\"tel:+351928112728\" class=\"elementor-button-link elementor-button elementor-size-xl elementor-animation-pulse-grow\" role=\"button\">\n\t\t\t\t\t\t<span class=\"elementor-button-content-wrapper\">\n\t\t\t\t\t\t\t<span class=\"elementor-button-icon elementor-align-icon-left\">\n\t\t\t\t<i aria-hidden=\"true\" class=\"fas fa-phone-volume\"><\/i>\t\t\t<\/span>\n\t\t\t\t\t\t<span class=\"elementor-button-text\">928 11 27 28<\/span>\n\t\t<\/span>\n\t\t\t\t\t<\/a>\n\t\t<\/div>\n\t\t\t\t<\/div>\n\t\t\t\t<\/div>\n\t\t\t\t\t<\/div>\n\t\t<\/div>\n\t\t\t\t\t\t\t<\/div>\n\t\t<\/section>\n\t\t\t\t<section class=\"elementor-section elementor-top-section elementor-element elementor-element-30f2eafd elementor-section-boxed elementor-section-height-default elementor-section-height-default\" data-id=\"30f2eafd\" data-element_type=\"section\" data-settings=\"{&quot;background_background&quot;:&quot;classic&quot;}\">\n\t\t\t\t\t\t\t<div class=\"elementor-background-overlay\"><\/div>\n\t\t\t\t\t\t\t<div class=\"elementor-container elementor-column-gap-default\">\n\t\t\t\t\t<div class=\"elementor-column elementor-col-100 elementor-top-column elementor-element elementor-element-5b34e2a4\" data-id=\"5b34e2a4\" data-element_type=\"column\" data-settings=\"{&quot;background_background&quot;:&quot;gradient&quot;}\">\n\t\t\t<div class=\"elementor-widget-wrap elementor-element-populated\">\n\t\t\t\t\t\t\t\t<div class=\"elementor-element elementor-element-4c6b7f7b elementor-widget elementor-widget-text-editor\" data-id=\"4c6b7f7b\" data-element_type=\"widget\" data-widget_type=\"text-editor.default\">\n\t\t\t\t<div class=\"elementor-widget-container\">\n\t\t\t\t\t\t\t<p>Ap\u00f3s um planeamento personalizado com a\u00e7\u00f5es exequ\u00edveis, adaptados \u00e1s necessidades do paciente, delineado por um <strong>Enfermeiro Coordenador<\/strong> providenciaremos todos os servi\u00e7os que necessita, para alcan\u00e7ar a homeostasia, desde <strong>Consultas M\u00e9dicas<\/strong>, <strong>Cuidados de Enfermagem<\/strong>, <strong>T<\/strong><b>erapeutas<\/b>\u00a0e outros <strong>Profissionais de Sa\u00fade<\/strong>.<\/p><p>\u00a0<\/p>\t\t\t\t\t\t<\/div>\n\t\t\t\t<\/div>\n\t\t\t\t<div class=\"elementor-element elementor-element-740c8e26 elementor-widget elementor-widget-text-editor\" data-id=\"740c8e26\" data-element_type=\"widget\" data-widget_type=\"text-editor.default\">\n\t\t\t\t<div class=\"elementor-widget-container\">\n\t\t\t\t\t\t\t<div class=\"et_pb_module et_pb_text et_pb_text_0 et_pb_text_align_center et_pb_bg_layout_light\"><div class=\"et_pb_text_inner\"><p>Somos a sua empresa de refer\u00eancia para a presta\u00e7\u00e3o de todo e qualquer servi\u00e7o de apoio e cuidados de Sa\u00fade ao domicilio a pessoas de todas as faixas et\u00e1rias, independentemente das suas condi\u00e7\u00f5es f\u00edsicas ou psicol\u00f3gicas.<\/p><p>Proporcionamos aos nossos clientes e ao seu agregado familiar \u00a0a plenitude do bem-estar f\u00edsico, psicol\u00f3gico e social.<\/p><\/div><\/div>\t\t\t\t\t\t<\/div>\n\t\t\t\t<\/div>\n\t\t\t\t\t<\/div>\n\t\t<\/div>\n\t\t\t\t\t\t\t<\/div>\n\t\t<\/section>\n\t\t\t\t\t\t\t<\/div>\n\t\t","protected":false},"excerpt":{"rendered":"<p>Servi\u00e7os de Sa\u00fade ao Domicilio &nbsp;na Regi\u00e3o de Lisboa Atrav\u00e9s do contato pr\u00e9vio, telef\u00f3nico ou presencial, com um Enfermeiro Coordenador, ser\u00e1 realizada uma triagem exaustiva das necessidades manifestadas pelos clientes. 928 11 27 28 Ap\u00f3s um planeamento personalizado com a\u00e7\u00f5es exequ\u00edveis, adaptados \u00e1s necessidades do paciente, delineado por um Enfermeiro Coordenador providenciaremos todos os servi\u00e7os [&hellip;]<\/p>\n","protected":false},"author":1,"featured_media":0,"parent":0,"menu_order":0,"comment_status":"closed","ping_status":"closed","template":"","meta":{"_locale":"pt_PT","_original_post":"https:\/\/comsigomaissaude.pt\/?page_id=312","footnotes":""},"class_list":["post-312","page","type-page","status-publish","hentry","pt-PT"],"_links":{"self":[{"href":"https:\/\/vos.comsigomaissaude.pt\/index.php?rest_route=\/wp\/v2\/pages\/312","targetHints":{"allow":["GET"]}}],"collection":[{"href":"https:\/\/vos.comsigomaissaude.pt\/index.php?rest_route=\/wp\/v2\/pages"}],"about":[{"href":"https:\/\/vos.comsigomaissaude.pt\/index.php?rest_route=\/wp\/v2\/types\/page"}],"author":[{"embeddable":true,"href":"https:\/\/vos.comsigomaissaude.pt\/index.php?rest_route=\/wp\/v2\/users\/1"}],"replies":[{"embeddable":true,"href":"https:\/\/vos.comsigomaissaude.pt\/index.php?rest_route=%2Fwp%2Fv2%2Fcomments&post=312"}],"version-history":[{"count":96,"href":"https:\/\/vos.comsigomaissaude.pt\/index.php?rest_route=\/wp\/v2\/pages\/312\/revisions"}],"predecessor-version":[{"id":1220,"href":"https:\/\/vos.comsigomaissaude.pt\/index.php?rest_route=\/wp\/v2\/pages\/312\/revisions\/1220"}],"wp:attachment":[{"href":"https:\/\/vos.comsigomaissaude.pt\/index.php?rest_route=%2Fwp%2Fv2%2Fmedia&parent=312"}],"curies":[{"name":"wp","href":"https:\/\/api.w.org\/{rel}","templated":true}]}}